{"id":2652,"date":"2024-05-26T19:18:34","date_gmt":"2024-05-26T17:18:34","guid":{"rendered":"https:\/\/www.saudingos.lt\/speditionsdienstleistungen\/"},"modified":"2025-03-05T11:41:55","modified_gmt":"2025-03-05T09:41:55","slug":"speditionsdienstleistungen","status":"publish","type":"page","link":"https:\/\/www.saudingos.lt\/de\/speditionsdienstleistungen\/","title":{"rendered":"Speditionsdienstleistungen"},"content":{"rendered":"\t\t<div data-elementor-type=\"wp-page\" data-elementor-id=\"2652\" class=\"elementor elementor-2652 elementor-1821\">\n\t\t\t\t\t\t<section class=\"elementor-section elementor-top-section elementor-element elementor-element-e2f6920 elementor-section-stretched elementor-section-boxed elementor-section-height-default elementor-section-height-default\" data-id=\"e2f6920\" data-element_type=\"section\" data-e-type=\"section\" data-settings=\"{&quot;stretch_section&quot;:&quot;section-stretched&quot;,&quot;background_background&quot;:&quot;classic&quot;}\">\n\t\t\t\t\t\t<div class=\"elementor-container elementor-column-gap-wider\">\n\t\t\t\t\t<div class=\"elementor-column elementor-col-100 elementor-top-column elementor-element elementor-element-64fc2d3\" data-id=\"64fc2d3\" data-element_type=\"column\" data-e-type=\"column\">\n\t\t\t<div class=\"elementor-widget-wrap elementor-element-populated\">\n\t\t\t\t\t\t<section class=\"elementor-section elementor-inner-section elementor-element elementor-element-b7788e9 elementor-section-boxed elementor-section-height-default elementor-section-height-default\" data-id=\"b7788e9\" data-element_type=\"section\" data-e-type=\"section\">\n\t\t\t\t\t\t<div class=\"elementor-container elementor-column-gap-default\">\n\t\t\t\t\t<div class=\"elementor-column elementor-col-50 elementor-inner-column elementor-element elementor-element-a62fba7\" data-id=\"a62fba7\" data-element_type=\"column\" data-e-type=\"column\">\n\t\t\t<div class=\"elementor-widget-wrap elementor-element-populated\">\n\t\t\t\t\t\t<div class=\"elementor-element elementor-element-e5218da elementor-widget elementor-widget-text-editor\" data-id=\"e5218da\" data-element_type=\"widget\" data-e-type=\"widget\" data-widget_type=\"text-editor.default\">\n\t\t\t\t<div class=\"elementor-widget-container\">\n\t\t\t\t\t\t\t\t\t<h6><img decoding=\"async\" class=\"alignnone size-medium wp-image-6281\" src=\"https:\/\/www.saudingos.lt\/wp-content\/uploads\/2025\/02\/bb-1.png\" alt=\"\" width=\"200\" srcset=\"https:\/\/www.saudingos.lt\/wp-content\/uploads\/2025\/02\/bb-1.png 1000w, https:\/\/www.saudingos.lt\/wp-content\/uploads\/2025\/02\/bb-1-500x166.png 500w, https:\/\/www.saudingos.lt\/wp-content\/uploads\/2025\/02\/bb-1-300x99.png 300w, https:\/\/www.saudingos.lt\/wp-content\/uploads\/2025\/02\/bb-1-768x254.png 768w, https:\/\/www.saudingos.lt\/wp-content\/uploads\/2025\/02\/bb-1-150x50.png 150w, https:\/\/www.saudingos.lt\/wp-content\/uploads\/2025\/02\/bb-1-480x159.png 480w\" sizes=\"(max-width:767px) 480px, (max-width:1000px) 100vw, 1000px\" \/>\u00a0<\/h6>\t\t\t\t\t\t\t\t<\/div>\n\t\t\t\t<\/div>\n\t\t\t\t<div class=\"elementor-element elementor-element-02d1be9 elementor-widget elementor-widget-heading\" data-id=\"02d1be9\" data-element_type=\"widget\" data-e-type=\"widget\" data-widget_type=\"heading.default\">\n\t\t\t\t<div class=\"elementor-widget-container\">\n\t\t\t\t\t<h1 class=\"elementor-heading-title elementor-size-default\"><span style=\"color:#FFB128\">SPEDITIONSLEISTUNGEN<\/span> <\/h1>\t\t\t\t<\/div>\n\t\t\t\t<\/div>\n\t\t\t\t<div class=\"elementor-element elementor-element-2fe1337 elementor-position-left elementor-vertical-align-top elementor-widget elementor-widget-image-box\" data-id=\"2fe1337\" data-element_type=\"widget\" data-e-type=\"widget\" data-widget_type=\"image-box.default\">\n\t\t\t\t<div class=\"elementor-widget-container\">\n\t\t\t\t\t<div class=\"elementor-image-box-wrapper\"><figure class=\"elementor-image-box-img\"><img decoding=\"async\" src=\"https:\/\/www.saudingos.lt\/wp-content\/uploads\/2022\/06\/furniturestore-sep2-1.svg\" title=\"\" alt=\"\" loading=\"lazy\" \/><\/figure><div class=\"elementor-image-box-content\"><h5 class=\"elementor-image-box-title\">Ein verl\u00e4sslicher Logistikpartner f\u00fcr Ihre Gesch\u00e4ftsanforderungen<\/h5><\/div><\/div>\t\t\t\t<\/div>\n\t\t\t\t<\/div>\n\t\t\t\t<div class=\"elementor-element elementor-element-85217e7 elementor-widget elementor-widget-text-editor\" data-id=\"85217e7\" data-element_type=\"widget\" data-e-type=\"widget\" data-widget_type=\"text-editor.default\">\n\t\t\t\t<div class=\"elementor-widget-container\">\n\t\t\t\t\t\t\t\t\t<p>Wir stellen Ihnen unsere Speditionsdienstleistungen vor, die den Erfolg Ihres Unternehmens \u00fcber die gesamte Logistikkette hinweg sicherstellen sollen. Unser Unternehmen bietet Logistikl\u00f6sungen auf h\u00f6chstem Niveau, die auf Ihre individuellen Bed\u00fcrfnisse zugeschnitten werden k\u00f6nnen.<\/p>\n<p>In erster Linie pflegen wir langfristige Beziehungen zu vertrauensw\u00fcrdigen Partnern, die die Sicherheit und p\u00fcnktliche Lieferung Ihrer Fracht garantieren. Dies gew\u00e4hrleistet nicht nur ein hohes Serviceniveau, sondern auch das Vertrauen in unsere Dienstleistungen.<\/p>\n<p>Zweitens bietet Ihnen unser breites Angebot an Anbietern und multimodalen Frachttransporten die M\u00f6glichkeit, die optimale Transportart f\u00fcr Ihre Bed\u00fcrfnisse und Anforderungen zu w\u00e4hlen. Wir m\u00f6chten sicherstellen, dass Ihre Fracht effizient und wirtschaftlich zugestellt wird.<\/p>\n<p>Wir bieten auch professionelle Zolldienstleistungen an, um die Zollverfahren zu erleichtern und den Verwaltungsaufwand f\u00fcr Sie zu reduzieren. So k\u00f6nnen Sie sich auf Ihre gesch\u00e4ftlichen Aktivit\u00e4ten konzentrieren, ohne Zeit und Ressourcen f\u00fcr Zollformalit\u00e4ten aufwenden zu m\u00fcssen.<\/p>\n<p>Und schlie\u00dflich sorgen unsere Lagerungsdienste daf\u00fcr, dass Ihre Fracht ordentlich gelagert und jederzeit verf\u00fcgbar ist. Das gibt Ihnen die Gewissheit, dass Ihre Fracht sicher ist und von erfahrenen Profis abgefertigt wird.<\/p>\n<p>Wir sind bestrebt, Ihnen nicht nur logistische Dienstleistungen zu bieten, sondern auch eine Partnerschaft, die Ihnen hilft, Ihre Gesch\u00e4ftsziele zu erreichen. \u00dcberlassen Sie uns Ihren Frachttransport, damit Sie sich auf das Wachstum Ihres Unternehmens konzentrieren k\u00f6nnen.<\/p>\n\t\t\t\t\t\t\t\t<\/div>\n\t\t\t\t<\/div>\n\t\t\t\t<div class=\"elementor-element elementor-element-c5243e3 elementor-widget__width-auto elementor-mobile-align-center elementor-widget-mobile__width-initial elementor-widget elementor-widget-button\" data-id=\"c5243e3\" data-element_type=\"widget\" data-e-type=\"widget\" data-widget_type=\"button.default\">\n\t\t\t\t<div class=\"elementor-widget-container\">\n\t\t\t\t\t\t\t\t\t<div class=\"elementor-button-wrapper\">\n\t\t\t\t\t<a class=\"elementor-button elementor-button-link elementor-size-sm\" href=\"https:\/\/www.saudingos.lt\/de\/kontakt\/\">\n\t\t\t\t\t\t<span class=\"elementor-button-content-wrapper\">\n\t\t\t\t\t\t\t\t\t<span class=\"elementor-button-text\">ANFRAGE SENDEN<\/span>\n\t\t\t\t\t<\/span>\n\t\t\t\t\t<\/a>\n\t\t\t\t<\/div>\n\t\t\t\t\t\t\t\t<\/div>\n\t\t\t\t<\/div>\n\t\t\t\t\t<\/div>\n\t\t<\/div>\n\t\t\t\t<div class=\"elementor-column elementor-col-50 elementor-inner-column elementor-element elementor-element-9ae98f9\" data-id=\"9ae98f9\" data-element_type=\"column\" data-e-type=\"column\">\n\t\t\t<div class=\"elementor-widget-wrap elementor-element-populated\">\n\t\t\t\t\t\t<div class=\"elementor-element elementor-element-30b1cc1 elementor-widget elementor-widget-image\" data-id=\"30b1cc1\" data-element_type=\"widget\" data-e-type=\"widget\" data-widget_type=\"image.default\">\n\t\t\t\t<div class=\"elementor-widget-container\">\n\t\t\t\t\t\t\t\t\t\t\t\t\t\t\t<img fetchpriority=\"high\" decoding=\"async\" width=\"1200\" height=\"1200\" src=\"https:\/\/www.saudingos.lt\/wp-content\/uploads\/2024\/06\/Customized-Solutions-for-Your-Freight-Needs.png\" class=\"attachment-large size-large wp-image-2656\" alt=\"Forwarding services\" srcset=\"https:\/\/www.saudingos.lt\/wp-content\/uploads\/2024\/06\/Customized-Solutions-for-Your-Freight-Needs.png 1200w, https:\/\/www.saudingos.lt\/wp-content\/uploads\/2024\/06\/Customized-Solutions-for-Your-Freight-Needs-500x500.png 500w, https:\/\/www.saudingos.lt\/wp-content\/uploads\/2024\/06\/Customized-Solutions-for-Your-Freight-Needs-300x300.png 300w, https:\/\/www.saudingos.lt\/wp-content\/uploads\/2024\/06\/Customized-Solutions-for-Your-Freight-Needs-768x768.png 768w, https:\/\/www.saudingos.lt\/wp-content\/uploads\/2024\/06\/Customized-Solutions-for-Your-Freight-Needs-150x150.png 150w, https:\/\/www.saudingos.lt\/wp-content\/uploads\/2024\/06\/Customized-Solutions-for-Your-Freight-Needs-75x75.png 75w, https:\/\/www.saudingos.lt\/wp-content\/uploads\/2024\/06\/Customized-Solutions-for-Your-Freight-Needs-480x480.png 480w, https:\/\/www.saudingos.lt\/wp-content\/uploads\/2024\/06\/Customized-Solutions-for-Your-Freight-Needs-800x800.png 800w\" sizes=\"(max-width:767px) 480px, (max-width:1200px) 100vw, 1200px\" \/>\t\t\t\t\t\t\t\t\t\t\t\t\t\t\t<\/div>\n\t\t\t\t<\/div>\n\t\t\t\t\t<\/div>\n\t\t<\/div>\n\t\t\t\t\t<\/div>\n\t\t<\/section>\n\t\t\t\t\t<\/div>\n\t\t<\/div>\n\t\t\t\t\t<\/div>\n\t\t<\/section>\n\t\t\t\t<\/div>\n\t\t","protected":false},"excerpt":{"rendered":"<p>\u00a0 SPEDITIONSLEISTUNGEN Ein verl\u00e4sslicher Logistikpartner f\u00fcr Ihre Gesch\u00e4ftsanforderungen Wir stellen Ihnen unsere Speditionsdienstleistungen vor, die den Erfolg Ihres Unternehmens \u00fcber die gesamte Logistikkette hinweg sicherstellen sollen.<span class=\"excerpt-hellip\"> [\u2026]<\/span><\/p>\n","protected":false},"author":2,"featured_media":0,"parent":0,"menu_order":0,"comment_status":"closed","ping_status":"closed","template":"","meta":{"content-type":"","footnotes":""},"class_list":["post-2652","page","type-page","status-publish","hentry"],"yoast_head":"<!-- This site is optimized with the Yoast SEO plugin v27.3 - https:\/\/yoast.com\/product\/yoast-seo-wordpress\/ -->\n<title>Speditionsdienstleistungen | Speditionswesen in Europa | Saudingos<\/title>\n<meta name=\"description\" content=\"Saudingos bietet zuverl\u00e4ssige Speditionsdienstleistungen in Litauen und Europa. Professionelle Spedition, schnelle und sichere Logistikl\u00f6sungen.\" \/>\n<meta name=\"robots\" content=\"index, follow, max-snippet:-1, max-image-preview:large, max-video-preview:-1\" \/>\n<link rel=\"canonical\" href=\"https:\/\/www.saudingos.lt\/de\/speditionsdienstleistungen\/\" \/>\n<meta property=\"og:locale\" content=\"de_DE\" \/>\n<meta property=\"og:type\" content=\"article\" \/>\n<meta property=\"og:title\" content=\"Speditionsdienstleistungen | Speditionswesen in Europa | Saudingos\" \/>\n<meta property=\"og:description\" content=\"Saudingos bietet zuverl\u00e4ssige Speditionsdienstleistungen in Litauen und Europa. Professionelle Spedition, schnelle und sichere Logistikl\u00f6sungen.\" \/>\n<meta property=\"og:url\" content=\"https:\/\/www.saudingos.lt\/de\/speditionsdienstleistungen\/\" \/>\n<meta property=\"og:site_name\" content=\"Saudingos | Luckaus\" \/>\n<meta property=\"article:modified_time\" content=\"2025-03-05T09:41:55+00:00\" \/>\n<meta property=\"og:image\" content=\"https:\/\/www.saudingos.lt\/wp-content\/uploads\/2025\/02\/bb-1.png\" \/>\n\t<meta property=\"og:image:width\" content=\"1000\" \/>\n\t<meta property=\"og:image:height\" content=\"331\" \/>\n\t<meta property=\"og:image:type\" content=\"image\/png\" \/>\n<meta name=\"twitter:card\" content=\"summary_large_image\" \/>\n<meta name=\"twitter:label1\" content=\"Gesch\u00e4tzte Lesezeit\" \/>\n\t<meta name=\"twitter:data1\" content=\"2\u00a0Minuten\" \/>\n<script type=\"application\/ld+json\" class=\"yoast-schema-graph\">{\"@context\":\"https:\\\/\\\/schema.org\",\"@graph\":[{\"@type\":\"WebPage\",\"@id\":\"https:\\\/\\\/www.saudingos.lt\\\/de\\\/speditionsdienstleistungen\\\/\",\"url\":\"https:\\\/\\\/www.saudingos.lt\\\/de\\\/speditionsdienstleistungen\\\/\",\"name\":\"Speditionsdienstleistungen | Speditionswesen in Europa | Saudingos\",\"isPartOf\":{\"@id\":\"https:\\\/\\\/www.saudingos.lt\\\/de\\\/#website\"},\"primaryImageOfPage\":{\"@id\":\"https:\\\/\\\/www.saudingos.lt\\\/de\\\/speditionsdienstleistungen\\\/#primaryimage\"},\"image\":{\"@id\":\"https:\\\/\\\/www.saudingos.lt\\\/de\\\/speditionsdienstleistungen\\\/#primaryimage\"},\"thumbnailUrl\":\"https:\\\/\\\/www.saudingos.lt\\\/wp-content\\\/uploads\\\/2025\\\/02\\\/bb-1.png\",\"datePublished\":\"2024-05-26T17:18:34+00:00\",\"dateModified\":\"2025-03-05T09:41:55+00:00\",\"description\":\"Saudingos bietet zuverl\u00e4ssige Speditionsdienstleistungen in Litauen und Europa. Professionelle Spedition, schnelle und sichere Logistikl\u00f6sungen.\",\"breadcrumb\":{\"@id\":\"https:\\\/\\\/www.saudingos.lt\\\/de\\\/speditionsdienstleistungen\\\/#breadcrumb\"},\"inLanguage\":\"de\",\"potentialAction\":[{\"@type\":\"ReadAction\",\"target\":[\"https:\\\/\\\/www.saudingos.lt\\\/de\\\/speditionsdienstleistungen\\\/\"]}]},{\"@type\":\"ImageObject\",\"inLanguage\":\"de\",\"@id\":\"https:\\\/\\\/www.saudingos.lt\\\/de\\\/speditionsdienstleistungen\\\/#primaryimage\",\"url\":\"https:\\\/\\\/www.saudingos.lt\\\/wp-content\\\/uploads\\\/2025\\\/02\\\/bb-1.png\",\"contentUrl\":\"https:\\\/\\\/www.saudingos.lt\\\/wp-content\\\/uploads\\\/2025\\\/02\\\/bb-1.png\"},{\"@type\":\"BreadcrumbList\",\"@id\":\"https:\\\/\\\/www.saudingos.lt\\\/de\\\/speditionsdienstleistungen\\\/#breadcrumb\",\"itemListElement\":[{\"@type\":\"ListItem\",\"position\":1,\"name\":\"Home\",\"item\":\"https:\\\/\\\/www.saudingos.lt\\\/de\\\/\"},{\"@type\":\"ListItem\",\"position\":2,\"name\":\"Speditionsdienstleistungen\"}]},{\"@type\":\"WebSite\",\"@id\":\"https:\\\/\\\/www.saudingos.lt\\\/de\\\/#website\",\"url\":\"https:\\\/\\\/www.saudingos.lt\\\/de\\\/\",\"name\":\"Saudingos | Luckaus\",\"description\":\"Zuverl\u00e4ssige Logistikpartner\",\"publisher\":{\"@id\":\"https:\\\/\\\/www.saudingos.lt\\\/de\\\/#organization\"},\"potentialAction\":[{\"@type\":\"SearchAction\",\"target\":{\"@type\":\"EntryPoint\",\"urlTemplate\":\"https:\\\/\\\/www.saudingos.lt\\\/de\\\/?s={search_term_string}\"},\"query-input\":{\"@type\":\"PropertyValueSpecification\",\"valueRequired\":true,\"valueName\":\"search_term_string\"}}],\"inLanguage\":\"de\"},{\"@type\":\"Organization\",\"@id\":\"https:\\\/\\\/www.saudingos.lt\\\/de\\\/#organization\",\"name\":\"Saudingos | Luckaus\",\"url\":\"https:\\\/\\\/www.saudingos.lt\\\/de\\\/\",\"logo\":{\"@type\":\"ImageObject\",\"inLanguage\":\"de\",\"@id\":\"https:\\\/\\\/www.saudingos.lt\\\/de\\\/#\\\/schema\\\/logo\\\/image\\\/\",\"url\":\"https:\\\/\\\/www.saudingos.lt\\\/wp-content\\\/uploads\\\/2024\\\/04\\\/saudingos-luckaus-03.svg\",\"contentUrl\":\"https:\\\/\\\/www.saudingos.lt\\\/wp-content\\\/uploads\\\/2024\\\/04\\\/saudingos-luckaus-03.svg\",\"width\":440,\"height\":45,\"caption\":\"Saudingos | Luckaus\"},\"image\":{\"@id\":\"https:\\\/\\\/www.saudingos.lt\\\/de\\\/#\\\/schema\\\/logo\\\/image\\\/\"}}]}<\/script>\n<!-- \/ Yoast SEO plugin. -->","yoast_head_json":{"title":"Speditionsdienstleistungen | Speditionswesen in Europa | Saudingos","description":"Saudingos bietet zuverl\u00e4ssige Speditionsdienstleistungen in Litauen und Europa. Professionelle Spedition, schnelle und sichere Logistikl\u00f6sungen.","robots":{"index":"index","follow":"follow","max-snippet":"max-snippet:-1","max-image-preview":"max-image-preview:large","max-video-preview":"max-video-preview:-1"},"canonical":"https:\/\/www.saudingos.lt\/de\/speditionsdienstleistungen\/","og_locale":"de_DE","og_type":"article","og_title":"Speditionsdienstleistungen | Speditionswesen in Europa | Saudingos","og_description":"Saudingos bietet zuverl\u00e4ssige Speditionsdienstleistungen in Litauen und Europa. Professionelle Spedition, schnelle und sichere Logistikl\u00f6sungen.","og_url":"https:\/\/www.saudingos.lt\/de\/speditionsdienstleistungen\/","og_site_name":"Saudingos | Luckaus","article_modified_time":"2025-03-05T09:41:55+00:00","og_image":[{"width":1000,"height":331,"url":"https:\/\/www.saudingos.lt\/wp-content\/uploads\/2025\/02\/bb-1.png","type":"image\/png"}],"twitter_card":"summary_large_image","twitter_misc":{"Gesch\u00e4tzte Lesezeit":"2\u00a0Minuten"},"schema":{"@context":"https:\/\/schema.org","@graph":[{"@type":"WebPage","@id":"https:\/\/www.saudingos.lt\/de\/speditionsdienstleistungen\/","url":"https:\/\/www.saudingos.lt\/de\/speditionsdienstleistungen\/","name":"Speditionsdienstleistungen | Speditionswesen in Europa | Saudingos","isPartOf":{"@id":"https:\/\/www.saudingos.lt\/de\/#website"},"primaryImageOfPage":{"@id":"https:\/\/www.saudingos.lt\/de\/speditionsdienstleistungen\/#primaryimage"},"image":{"@id":"https:\/\/www.saudingos.lt\/de\/speditionsdienstleistungen\/#primaryimage"},"thumbnailUrl":"https:\/\/www.saudingos.lt\/wp-content\/uploads\/2025\/02\/bb-1.png","datePublished":"2024-05-26T17:18:34+00:00","dateModified":"2025-03-05T09:41:55+00:00","description":"Saudingos bietet zuverl\u00e4ssige Speditionsdienstleistungen in Litauen und Europa. Professionelle Spedition, schnelle und sichere Logistikl\u00f6sungen.","breadcrumb":{"@id":"https:\/\/www.saudingos.lt\/de\/speditionsdienstleistungen\/#breadcrumb"},"inLanguage":"de","potentialAction":[{"@type":"ReadAction","target":["https:\/\/www.saudingos.lt\/de\/speditionsdienstleistungen\/"]}]},{"@type":"ImageObject","inLanguage":"de","@id":"https:\/\/www.saudingos.lt\/de\/speditionsdienstleistungen\/#primaryimage","url":"https:\/\/www.saudingos.lt\/wp-content\/uploads\/2025\/02\/bb-1.png","contentUrl":"https:\/\/www.saudingos.lt\/wp-content\/uploads\/2025\/02\/bb-1.png"},{"@type":"BreadcrumbList","@id":"https:\/\/www.saudingos.lt\/de\/speditionsdienstleistungen\/#breadcrumb","itemListElement":[{"@type":"ListItem","position":1,"name":"Home","item":"https:\/\/www.saudingos.lt\/de\/"},{"@type":"ListItem","position":2,"name":"Speditionsdienstleistungen"}]},{"@type":"WebSite","@id":"https:\/\/www.saudingos.lt\/de\/#website","url":"https:\/\/www.saudingos.lt\/de\/","name":"Saudingos | Luckaus","description":"Zuverl\u00e4ssige Logistikpartner","publisher":{"@id":"https:\/\/www.saudingos.lt\/de\/#organization"},"potentialAction":[{"@type":"SearchAction","target":{"@type":"EntryPoint","urlTemplate":"https:\/\/www.saudingos.lt\/de\/?s={search_term_string}"},"query-input":{"@type":"PropertyValueSpecification","valueRequired":true,"valueName":"search_term_string"}}],"inLanguage":"de"},{"@type":"Organization","@id":"https:\/\/www.saudingos.lt\/de\/#organization","name":"Saudingos | Luckaus","url":"https:\/\/www.saudingos.lt\/de\/","logo":{"@type":"ImageObject","inLanguage":"de","@id":"https:\/\/www.saudingos.lt\/de\/#\/schema\/logo\/image\/","url":"https:\/\/www.saudingos.lt\/wp-content\/uploads\/2024\/04\/saudingos-luckaus-03.svg","contentUrl":"https:\/\/www.saudingos.lt\/wp-content\/uploads\/2024\/04\/saudingos-luckaus-03.svg","width":440,"height":45,"caption":"Saudingos | Luckaus"},"image":{"@id":"https:\/\/www.saudingos.lt\/de\/#\/schema\/logo\/image\/"}}]}},"_links":{"self":[{"href":"https:\/\/www.saudingos.lt\/de\/wp-json\/wp\/v2\/pages\/2652","targetHints":{"allow":["GET"]}}],"collection":[{"href":"https:\/\/www.saudingos.lt\/de\/wp-json\/wp\/v2\/pages"}],"about":[{"href":"https:\/\/www.saudingos.lt\/de\/wp-json\/wp\/v2\/types\/page"}],"author":[{"embeddable":true,"href":"https:\/\/www.saudingos.lt\/de\/wp-json\/wp\/v2\/users\/2"}],"replies":[{"embeddable":true,"href":"https:\/\/www.saudingos.lt\/de\/wp-json\/wp\/v2\/comments?post=2652"}],"version-history":[{"count":0,"href":"https:\/\/www.saudingos.lt\/de\/wp-json\/wp\/v2\/pages\/2652\/revisions"}],"wp:attachment":[{"href":"https:\/\/www.saudingos.lt\/de\/wp-json\/wp\/v2\/media?parent=2652"}],"curies":[{"name":"wp","href":"https:\/\/api.w.org\/{rel}","templated":true}]}}