{"id":2995,"date":"2022-06-13T08:55:34","date_gmt":"2022-06-13T06:55:34","guid":{"rendered":"https:\/\/www.saudingos.lt\/richtlinien-zum-schutz-der-privatsphaere-und-des-datenschutzes\/"},"modified":"2025-03-05T11:37:44","modified_gmt":"2025-03-05T09:37:44","slug":"richtlinien-zum-schutz-der-privatsphaere-und-des-datenschutzes","status":"publish","type":"page","link":"https:\/\/www.saudingos.lt\/de\/richtlinien-zum-schutz-der-privatsphaere-und-des-datenschutzes\/","title":{"rendered":"Richtlinien zum Schutz der Privatsph\u00e4re und des Datenschutzes"},"content":{"rendered":"\t\t<div data-elementor-type=\"wp-page\" data-elementor-id=\"2995\" class=\"elementor elementor-2995 elementor-955\">\n\t\t\t\t<div class=\"elementor-element elementor-element-94a0295 e-flex e-con-boxed e-con e-parent\" data-id=\"94a0295\" data-element_type=\"container\" data-e-type=\"container\">\n\t\t\t\t\t<div class=\"e-con-inner\">\n\t\t<div class=\"elementor-element elementor-element-d8829c3 e-con-full e-flex e-con e-child\" data-id=\"d8829c3\" data-element_type=\"container\" data-e-type=\"container\">\n\t\t\t\t<div class=\"elementor-element elementor-element-824decd elementor-widget elementor-widget-text-editor\" data-id=\"824decd\" data-element_type=\"widget\" data-e-type=\"widget\" data-widget_type=\"text-editor.default\">\n\t\t\t\t<div class=\"elementor-widget-container\">\n\t\t\t\t\t\t\t\t\t<h5 class=\"title\">UAB &#8222;Saudingos autotransportas&#8220;<\/h5>\n<ul>\n \t<li><a href=\"https:\/\/www.saudingos.lt\/de\/richtlinien-zum-schutz-der-privatsphaere-und-des-datenschutzes\/uab-saudingos-autotransportas-datenschutzbestimmungen\/\" target=\"_blank\" rel=\"noopener\">Datenschutzbestimmungen<\/a><\/li>\n \t<li><a href=\"https:\/\/www.saudingos.lt\/de\/richtlinien-zum-schutz-der-privatsphaere-und-des-datenschutzes\/richtlinie-zur-verarbeitung-personenbezogener-daten-von-stellenbewerbern\/\" target=\"_blank\" rel=\"noopener\">Richtlinie zur Verarbeitung personenbezogener Daten von Stellenbewerbern<\/a><\/li>\n \t<li><a href=\"https:\/\/www.saudingos.lt\/de\/richtlinien-zum-schutz-der-privatsphaere-und-des-datenschutzes\/uab-saudingos-autotransportas-cookie-richtlinie\/\" target=\"_blank\" rel=\"noopener\">Cookie-Richtlinie<\/a><\/li>\n<\/ul>\t\t\t\t\t\t\t\t<\/div>\n\t\t\t\t<\/div>\n\t\t\t\t<\/div>\n\t\t<div class=\"elementor-element elementor-element-a2b1e85 e-con-full e-flex e-con e-child\" data-id=\"a2b1e85\" data-element_type=\"container\" data-e-type=\"container\">\n\t\t\t\t<div class=\"elementor-element elementor-element-577b62b elementor-widget elementor-widget-text-editor\" data-id=\"577b62b\" data-element_type=\"widget\" data-e-type=\"widget\" data-widget_type=\"text-editor.default\">\n\t\t\t\t<div class=\"elementor-widget-container\">\n\t\t\t\t\t\t\t\t\t<h5 class=\"title\">UAB &#8222;Luckaus transportas&#8220;<\/h5>\n<ul>\n \t<li><a href=\"https:\/\/www.saudingos.lt\/de\/richtlinien-zum-schutz-der-privatsphaere-und-des-datenschutzes\/uab-luckaus-transportas-datenschutzbestimmungen\/\" target=\"_blank\" rel=\"noopener\">Datenschutzbestimmungen<\/a><\/li>\n \t<li><a href=\"https:\/\/www.saudingos.lt\/de\/richtlinien-zum-schutz-der-privatsphaere-und-des-datenschutzes\/richtlinie-zur-verarbeitung-personenbezogener-daten-von-stellenbewerbern-2\/\" target=\"_blank\" rel=\"noopener\">Richtlinie zur Verarbeitung personenbezogener Daten von Stellenbewerbern<\/a><\/li>\n \t<li><a href=\"https:\/\/www.saudingos.lt\/de\/richtlinien-zum-schutz-der-privatsphaere-und-des-datenschutzes\/uab-luckaus-transportas-cookie-richtlinie\/\" target=\"_blank\" rel=\"noopener\">Cookie-Richtlinie<\/a><\/li>\n<\/ul>\t\t\t\t\t\t\t\t<\/div>\n\t\t\t\t<\/div>\n\t\t\t\t<\/div>\n\t\t\t\t\t<\/div>\n\t\t\t\t<\/div>\n\t\t\t\t<\/div>\n\t\t","protected":false},"excerpt":{"rendered":"<p>UAB &#8222;Saudingos autotransportas&#8220; Datenschutzbestimmungen Richtlinie zur Verarbeitung personenbezogener Daten von Stellenbewerbern Cookie-Richtlinie UAB &#8222;Luckaus transportas&#8220; Datenschutzbestimmungen Richtlinie zur Verarbeitung personenbezogener Daten von Stellenbewerbern Cookie-Richtlinie<\/p>\n","protected":false},"author":2,"featured_media":0,"parent":0,"menu_order":0,"comment_status":"open","ping_status":"closed","template":"","meta":{"content-type":"","footnotes":""},"class_list":["post-2995","page","type-page","status-publish","hentry"],"yoast_head":"<!-- This site is optimized with the Yoast SEO plugin v27.3 - https:\/\/yoast.com\/product\/yoast-seo-wordpress\/ -->\n<title>Datenschutz - wie wir Ihre Informationen sch\u00fctzen | Saudingos<\/title>\n<meta name=\"description\" content=\"Informieren Sie sich dar\u00fcber, wie Saudingos den Schutz Ihrer pers\u00f6nlichen Daten in \u00dcbereinstimmung mit dem geltenden Recht gew\u00e4hrleistet. Transparenz und Sicherheit sind unsere oberste Priorit\u00e4t.\" \/>\n<meta name=\"robots\" content=\"index, follow, max-snippet:-1, max-image-preview:large, max-video-preview:-1\" \/>\n<link rel=\"canonical\" href=\"https:\/\/www.saudingos.lt\/de\/richtlinien-zum-schutz-der-privatsphaere-und-des-datenschutzes\/\" \/>\n<meta property=\"og:locale\" content=\"de_DE\" \/>\n<meta property=\"og:type\" content=\"article\" \/>\n<meta property=\"og:title\" content=\"Datenschutz - wie wir Ihre Informationen sch\u00fctzen | Saudingos\" \/>\n<meta property=\"og:description\" content=\"Informieren Sie sich dar\u00fcber, wie Saudingos den Schutz Ihrer pers\u00f6nlichen Daten in \u00dcbereinstimmung mit dem geltenden Recht gew\u00e4hrleistet. Transparenz und Sicherheit sind unsere oberste Priorit\u00e4t.\" \/>\n<meta property=\"og:url\" content=\"https:\/\/www.saudingos.lt\/de\/richtlinien-zum-schutz-der-privatsphaere-und-des-datenschutzes\/\" \/>\n<meta property=\"og:site_name\" content=\"Saudingos | Luckaus\" \/>\n<meta property=\"article:modified_time\" content=\"2025-03-05T09:37:44+00:00\" \/>\n<meta name=\"twitter:card\" content=\"summary_large_image\" \/>\n<meta name=\"twitter:label1\" content=\"Gesch\u00e4tzte Lesezeit\" \/>\n\t<meta name=\"twitter:data1\" content=\"1\u00a0Minute\" \/>\n<script type=\"application\/ld+json\" class=\"yoast-schema-graph\">{\"@context\":\"https:\\\/\\\/schema.org\",\"@graph\":[{\"@type\":\"WebPage\",\"@id\":\"https:\\\/\\\/www.saudingos.lt\\\/de\\\/richtlinien-zum-schutz-der-privatsphaere-und-des-datenschutzes\\\/\",\"url\":\"https:\\\/\\\/www.saudingos.lt\\\/de\\\/richtlinien-zum-schutz-der-privatsphaere-und-des-datenschutzes\\\/\",\"name\":\"Datenschutz - wie wir Ihre Informationen sch\u00fctzen | Saudingos\",\"isPartOf\":{\"@id\":\"https:\\\/\\\/www.saudingos.lt\\\/de\\\/#website\"},\"datePublished\":\"2022-06-13T06:55:34+00:00\",\"dateModified\":\"2025-03-05T09:37:44+00:00\",\"description\":\"Informieren Sie sich dar\u00fcber, wie Saudingos den Schutz Ihrer pers\u00f6nlichen Daten in \u00dcbereinstimmung mit dem geltenden Recht gew\u00e4hrleistet. Transparenz und Sicherheit sind unsere oberste Priorit\u00e4t.\",\"breadcrumb\":{\"@id\":\"https:\\\/\\\/www.saudingos.lt\\\/de\\\/richtlinien-zum-schutz-der-privatsphaere-und-des-datenschutzes\\\/#breadcrumb\"},\"inLanguage\":\"de\",\"potentialAction\":[{\"@type\":\"ReadAction\",\"target\":[\"https:\\\/\\\/www.saudingos.lt\\\/de\\\/richtlinien-zum-schutz-der-privatsphaere-und-des-datenschutzes\\\/\"]}]},{\"@type\":\"BreadcrumbList\",\"@id\":\"https:\\\/\\\/www.saudingos.lt\\\/de\\\/richtlinien-zum-schutz-der-privatsphaere-und-des-datenschutzes\\\/#breadcrumb\",\"itemListElement\":[{\"@type\":\"ListItem\",\"position\":1,\"name\":\"Home\",\"item\":\"https:\\\/\\\/www.saudingos.lt\\\/de\\\/\"},{\"@type\":\"ListItem\",\"position\":2,\"name\":\"Richtlinien zum Schutz der Privatsph\u00e4re und des Datenschutzes\"}]},{\"@type\":\"WebSite\",\"@id\":\"https:\\\/\\\/www.saudingos.lt\\\/de\\\/#website\",\"url\":\"https:\\\/\\\/www.saudingos.lt\\\/de\\\/\",\"name\":\"Saudingos | Luckaus\",\"description\":\"Zuverl\u00e4ssige Logistikpartner\",\"publisher\":{\"@id\":\"https:\\\/\\\/www.saudingos.lt\\\/de\\\/#organization\"},\"potentialAction\":[{\"@type\":\"SearchAction\",\"target\":{\"@type\":\"EntryPoint\",\"urlTemplate\":\"https:\\\/\\\/www.saudingos.lt\\\/de\\\/?s={search_term_string}\"},\"query-input\":{\"@type\":\"PropertyValueSpecification\",\"valueRequired\":true,\"valueName\":\"search_term_string\"}}],\"inLanguage\":\"de\"},{\"@type\":\"Organization\",\"@id\":\"https:\\\/\\\/www.saudingos.lt\\\/de\\\/#organization\",\"name\":\"Saudingos | Luckaus\",\"url\":\"https:\\\/\\\/www.saudingos.lt\\\/de\\\/\",\"logo\":{\"@type\":\"ImageObject\",\"inLanguage\":\"de\",\"@id\":\"https:\\\/\\\/www.saudingos.lt\\\/de\\\/#\\\/schema\\\/logo\\\/image\\\/\",\"url\":\"https:\\\/\\\/www.saudingos.lt\\\/wp-content\\\/uploads\\\/2024\\\/04\\\/saudingos-luckaus-03.svg\",\"contentUrl\":\"https:\\\/\\\/www.saudingos.lt\\\/wp-content\\\/uploads\\\/2024\\\/04\\\/saudingos-luckaus-03.svg\",\"width\":440,\"height\":45,\"caption\":\"Saudingos | Luckaus\"},\"image\":{\"@id\":\"https:\\\/\\\/www.saudingos.lt\\\/de\\\/#\\\/schema\\\/logo\\\/image\\\/\"}}]}<\/script>\n<!-- \/ Yoast SEO plugin. -->","yoast_head_json":{"title":"Datenschutz - wie wir Ihre Informationen sch\u00fctzen | Saudingos","description":"Informieren Sie sich dar\u00fcber, wie Saudingos den Schutz Ihrer pers\u00f6nlichen Daten in \u00dcbereinstimmung mit dem geltenden Recht gew\u00e4hrleistet. Transparenz und Sicherheit sind unsere oberste Priorit\u00e4t.","robots":{"index":"index","follow":"follow","max-snippet":"max-snippet:-1","max-image-preview":"max-image-preview:large","max-video-preview":"max-video-preview:-1"},"canonical":"https:\/\/www.saudingos.lt\/de\/richtlinien-zum-schutz-der-privatsphaere-und-des-datenschutzes\/","og_locale":"de_DE","og_type":"article","og_title":"Datenschutz - wie wir Ihre Informationen sch\u00fctzen | Saudingos","og_description":"Informieren Sie sich dar\u00fcber, wie Saudingos den Schutz Ihrer pers\u00f6nlichen Daten in \u00dcbereinstimmung mit dem geltenden Recht gew\u00e4hrleistet. Transparenz und Sicherheit sind unsere oberste Priorit\u00e4t.","og_url":"https:\/\/www.saudingos.lt\/de\/richtlinien-zum-schutz-der-privatsphaere-und-des-datenschutzes\/","og_site_name":"Saudingos | Luckaus","article_modified_time":"2025-03-05T09:37:44+00:00","twitter_card":"summary_large_image","twitter_misc":{"Gesch\u00e4tzte Lesezeit":"1\u00a0Minute"},"schema":{"@context":"https:\/\/schema.org","@graph":[{"@type":"WebPage","@id":"https:\/\/www.saudingos.lt\/de\/richtlinien-zum-schutz-der-privatsphaere-und-des-datenschutzes\/","url":"https:\/\/www.saudingos.lt\/de\/richtlinien-zum-schutz-der-privatsphaere-und-des-datenschutzes\/","name":"Datenschutz - wie wir Ihre Informationen sch\u00fctzen | Saudingos","isPartOf":{"@id":"https:\/\/www.saudingos.lt\/de\/#website"},"datePublished":"2022-06-13T06:55:34+00:00","dateModified":"2025-03-05T09:37:44+00:00","description":"Informieren Sie sich dar\u00fcber, wie Saudingos den Schutz Ihrer pers\u00f6nlichen Daten in \u00dcbereinstimmung mit dem geltenden Recht gew\u00e4hrleistet. Transparenz und Sicherheit sind unsere oberste Priorit\u00e4t.","breadcrumb":{"@id":"https:\/\/www.saudingos.lt\/de\/richtlinien-zum-schutz-der-privatsphaere-und-des-datenschutzes\/#breadcrumb"},"inLanguage":"de","potentialAction":[{"@type":"ReadAction","target":["https:\/\/www.saudingos.lt\/de\/richtlinien-zum-schutz-der-privatsphaere-und-des-datenschutzes\/"]}]},{"@type":"BreadcrumbList","@id":"https:\/\/www.saudingos.lt\/de\/richtlinien-zum-schutz-der-privatsphaere-und-des-datenschutzes\/#breadcrumb","itemListElement":[{"@type":"ListItem","position":1,"name":"Home","item":"https:\/\/www.saudingos.lt\/de\/"},{"@type":"ListItem","position":2,"name":"Richtlinien zum Schutz der Privatsph\u00e4re und des Datenschutzes"}]},{"@type":"WebSite","@id":"https:\/\/www.saudingos.lt\/de\/#website","url":"https:\/\/www.saudingos.lt\/de\/","name":"Saudingos | Luckaus","description":"Zuverl\u00e4ssige Logistikpartner","publisher":{"@id":"https:\/\/www.saudingos.lt\/de\/#organization"},"potentialAction":[{"@type":"SearchAction","target":{"@type":"EntryPoint","urlTemplate":"https:\/\/www.saudingos.lt\/de\/?s={search_term_string}"},"query-input":{"@type":"PropertyValueSpecification","valueRequired":true,"valueName":"search_term_string"}}],"inLanguage":"de"},{"@type":"Organization","@id":"https:\/\/www.saudingos.lt\/de\/#organization","name":"Saudingos | Luckaus","url":"https:\/\/www.saudingos.lt\/de\/","logo":{"@type":"ImageObject","inLanguage":"de","@id":"https:\/\/www.saudingos.lt\/de\/#\/schema\/logo\/image\/","url":"https:\/\/www.saudingos.lt\/wp-content\/uploads\/2024\/04\/saudingos-luckaus-03.svg","contentUrl":"https:\/\/www.saudingos.lt\/wp-content\/uploads\/2024\/04\/saudingos-luckaus-03.svg","width":440,"height":45,"caption":"Saudingos | Luckaus"},"image":{"@id":"https:\/\/www.saudingos.lt\/de\/#\/schema\/logo\/image\/"}}]}},"_links":{"self":[{"href":"https:\/\/www.saudingos.lt\/de\/wp-json\/wp\/v2\/pages\/2995","targetHints":{"allow":["GET"]}}],"collection":[{"href":"https:\/\/www.saudingos.lt\/de\/wp-json\/wp\/v2\/pages"}],"about":[{"href":"https:\/\/www.saudingos.lt\/de\/wp-json\/wp\/v2\/types\/page"}],"author":[{"embeddable":true,"href":"https:\/\/www.saudingos.lt\/de\/wp-json\/wp\/v2\/users\/2"}],"replies":[{"embeddable":true,"href":"https:\/\/www.saudingos.lt\/de\/wp-json\/wp\/v2\/comments?post=2995"}],"version-history":[{"count":0,"href":"https:\/\/www.saudingos.lt\/de\/wp-json\/wp\/v2\/pages\/2995\/revisions"}],"wp:attachment":[{"href":"https:\/\/www.saudingos.lt\/de\/wp-json\/wp\/v2\/media?parent=2995"}],"curies":[{"name":"wp","href":"https:\/\/api.w.org\/{rel}","templated":true}]}}