{"id":3051,"date":"2024-06-04T13:44:08","date_gmt":"2024-06-04T11:44:08","guid":{"rendered":"https:\/\/www.saudingos.lt\/richtlinien-zum-schutz-der-privatsphaere-und-des-datenschutzes\/uab-luckaus-transportas-cookie-richtlinie\/"},"modified":"2025-03-05T11:38:34","modified_gmt":"2025-03-05T09:38:34","slug":"uab-luckaus-transportas-cookie-richtlinie","status":"publish","type":"page","link":"https:\/\/www.saudingos.lt\/de\/richtlinien-zum-schutz-der-privatsphaere-und-des-datenschutzes\/uab-luckaus-transportas-cookie-richtlinie\/","title":{"rendered":"UAB &#8222;Luckaus transportas&#8220; Cookie-Richtlinie"},"content":{"rendered":"<p>Diese Datenschutz- und Cookie-Richtlinie (im Folgenden als &#8222;Richtlinie&#8220; bezeichnet) gilt in jedem Fall, wenn Sie die Website saudingos.lt besuchen. Diese Richtlinie gilt nicht, wenn Sie durch den Zugriff auf die Website saudingos.lt die Websites anderer Unternehmen besuchen.<\/p>\n<p>Wir sammeln die Daten unserer Website-Besucher in \u00dcbereinstimmung mit dem Gesetz \u00fcber den rechtlichen Schutz personenbezogener Daten der Republik Litauen, dem Gesetz \u00fcber elektronische Kommunikation der Republik Litauen, den Datenschutzgesetzen der Europ\u00e4ischen Union, anderen einschl\u00e4gigen Rechtsakten und Anweisungen der Kontrollbeh\u00f6rden.<\/p>\n<h3>Datenerfassung<\/h3>\n<p>Wir verwenden Cookies, um Daten \u00fcber die Nutzung der Website zu sammeln. Die Arten von Cookies und ihr Zweck sind in der nachstehenden Tabelle aufgef\u00fchrt.<\/p>\n<p>Wir sch\u00fctzen die Daten, die wir \u00fcber die Besucher der Website saudingos.lt sammeln, verantwortungsvoll vor Verlust, unbefugter Nutzung und Ver\u00e4nderung. Die Mitarbeiter von saudingos.lt sind schriftlich verpflichtet, keine Informationen \u00fcber die Kunden des Unternehmens, einschlie\u00dflich der Besucher der Website saudingos.lt, die sie am Arbeitsplatz erhalten, an Dritte weiterzugeben oder zu verbreiten.<\/p>\n<h3>Verwendung von Cookies<\/h3>\n<p>Wenn Sie die Website saudingos.lt besuchen, m\u00f6chten wir Ihnen Informationen und Funktionen bieten, die genau auf Sie zugeschnitten sind. Dies erfordert die Verwendung von Cookies. Dies sind kleine Informationen, die in Ihrem Webbrowser gespeichert sind. Sie helfen uns, Sie als fr\u00fcheren Besucher der Website saudingos.lt zu erkennen, Ihren Besuchsverlauf zu speichern und den Inhalt entsprechend anzupassen. Cookies helfen auch dabei, den reibungslosen Betrieb der Website zu gew\u00e4hrleisten, die Dauer und H\u00e4ufigkeit der Besuche auf der Website saudingos.lt zu \u00fcberwachen und statistische Informationen \u00fcber die Anzahl der Besucher der Website zu sammeln. Durch die Analyse dieser Daten k\u00f6nnen wir die Website verbessern und sie f\u00fcr Sie benutzerfreundlicher gestalten. Wenn Sie die Website saudingos.lt besuchen, k\u00f6nnen Sie w\u00e4hlen, ob Sie Cookies verwenden m\u00f6chten. Wenn Sie mit der Platzierung von Cookies auf Ihrem Computer oder einem anderen Ger\u00e4t nicht einverstanden sind, k\u00f6nnen Sie Ihre Zustimmung jederzeit widerrufen, indem Sie Ihre Einstellungen \u00e4ndern und die platzierten Cookies l\u00f6schen.<\/p>\n<h3>Informationen \u00fcber die von uns verwendeten Cookies<\/h3>\n<table>\n<thead>\n<tr>\n<td>\n<p>Name<\/p>\n<\/td>\n<td>\n<p>Beschreibung<\/p>\n<\/td>\n<td>\n<p>Zeitpunkt der Erstellung\/Verfallsdatum<\/p>\n<\/td>\n<\/tr>\n<\/thead>\n<tbody>\n<tr>\n<td>\n<p>CMSSESSIDX<\/p>\n<\/td>\n<td>\n<p>Ein Standard-Cookie, das zur Aufrechterhaltung der Sitzung eines Benutzers verwendet wird.<\/p>\n<\/td>\n<td>\n<p>Zum Zeitpunkt der Eingabe der Seite\/<br \/>bevor das Fenster der Website geschlossen wird<\/p>\n<\/td>\n<\/tr>\n<tr>\n<td>\n<p>cookiesAgree<\/p>\n<\/td>\n<td>\n<p>Cookie, um festzustellen, ob Sie die Verwendung von Cookies auf unserer Website akzeptiert haben<\/p>\n<\/td>\n<td>\n<p>Von der Zustimmung\/L\u00f6schung eines Iki<\/p>\n<\/td>\n<\/tr>\n<tr>\n<td>\n<p>cookiesLevelX<\/p>\n<\/td>\n<td>\n<p>Ein Cookie, das unterscheidet, welche Cookies Sie auf unserer Website verwenden d\u00fcrfen<\/p>\n<\/td>\n<td>\n<p>Von der Zustimmung\/L\u00f6schung eines Iki<\/p>\n<\/td>\n<\/tr>\n<tr>\n<td>\n<p>_ga<\/p>\n<\/td>\n<td>\n<p>Dieses Cookie wird von Google Analytics verwendet, um die Besuchsziele des Nutzers zu messen, die Website-Aktivit\u00e4ten an die Website-Betreiber zu melden und die Erfahrung des Kunden beim Besuch der Website zu verbessern.<\/p>\n<\/td>\n<td>\n<p>Von Zustimmung\/<br \/>2 Jahre.<\/p>\n<\/td>\n<\/tr>\n<tr>\n<td>\n<p>_gat<\/p>\n<\/td>\n<td>\n<p>Diese Cookies werden von Google Analytics verwendet, um statistische Informationen \u00fcber den Websiteverkehr zu sammeln.<\/p>\n<\/td>\n<td>\n<p>Wenn Sie die Website zum ersten Mal betreten\/<br \/>vor dem Ende der Sitzung<\/p>\n<\/td>\n<\/tr>\n<tr>\n<td>\n<p>_gid<\/p>\n<\/td>\n<td>\n<p>Dieses Cookie wird von Google Analytics verwendet, um die Person zu identifizieren.<\/p>\n<\/td>\n<td>\n<p>Zum Zeitpunkt des ersten Zugriffs auf die Seite\/<br \/>2 Tage<\/p>\n<\/td>\n<\/tr>\n<\/tbody>\n<\/table>\n<p>&nbsp;Um mehr \u00fcber Cookies zu erfahren, z.B. wie Sie sie verwalten oder l\u00f6schen k\u00f6nnen, besuchen Sie:<a href=\"http:\/\/www.allaboutcookies.org\/\" target=\"_blank\" rel=\"noopener\">http:\/\/www.allaboutcookies.org<\/a><\/p>\n<p>&nbsp;Um herauszufinden, wie Sie Google Analytics-Cookies von Tracking-Webseiten l\u00f6schen k\u00f6nnen, besuchen Sie:<a href=\"http:\/\/tools.google.com\/dlpage\/gaoptout\" target=\"_blank\" rel=\"noopener\">http:\/\/tools.google.com\/dlpage\/gaoptout<\/a><\/p>\n<h3>Arten von Cookies<\/h3>\n<p>Bei den Cookies handelt es sich um Sitzungscookies und dauerhafte Cookies sowie um Cookies von Erst- oder Drittanbietern. Im Folgenden erkl\u00e4ren wir, was diese Begriffe bedeuten, damit Sie besser verstehen, wie wir Cookies verwenden und wof\u00fcr sie eingesetzt werden.<\/p>\n<p><strong>Sitzungs-Cookies<\/strong><br \/>Sitzungscookies erm\u00f6glichen es, Sie w\u00e4hrend eines einzigen Besuchs auf unserer Website wiederzuerkennen, so dass alle \u00c4nderungen oder Auswahlen, die Sie auf einer Seite vornehmen, gespeichert werden, wenn Sie von einer Seite zur n\u00e4chsten wechseln. Diese Cookies erm\u00f6glichen es Ihnen, schnell und einfach durch viele Seiten der Website zu navigieren, so dass Sie die Informationen nicht jedes Mal neu verarbeiten m\u00fcssen, wenn Sie eine neue Website besuchen. Session-Cookies sind tempor\u00e4r und verschwinden, sobald Sie Ihren Browser schlie\u00dfen oder sich von der Website abmelden.<\/p>\n<p><strong>Langfristige Cookies<\/strong><br \/>Dauerhafte Cookies sind Cookies, die nach dem Ende einer Browsersitzung f\u00fcr eine bestimmte Zeit auf Ihrem Computer verbleiben und daher bestimmte Benutzereinstellungen oder Aktionen aufzeichnen k\u00f6nnen, wenn die Website erneut besucht wird.<\/p>\n<p><strong>Cookies der ersten Partei<\/strong><br \/>Diejenigen Cookies, die f\u00fcr das ordnungsgem\u00e4\u00dfe Funktionieren der Website saudingos.lt erforderlich sind.<\/p>\n<p><strong>Cookies von Dritten<\/strong><br \/>Die Cookies, die von anderen Organisationen \u00fcber unsere Website verwendet werden. In unserem Fall verwendet die Website saudingos.lt Google Analytics-Cookies, um den Websiteverkehr zu analysieren. &#8222;Google Analytics sammelt anonym Informationen \u00fcber die Anzahl der Besucher, den Standort, von dem aus unsere Website genutzt wurde und welche Teile der Website von den Besuchern besucht wurden. Diese Cookies werden von Google Analytics erstellt. Mehr \u00fcber Google Analytics &#8211;&nbsp;<a href=\"http:\/\/www.google.com\/analytics\" target=\"_blank\" rel=\"noopener\">http:\/\/www.google.com\/analytics.<\/a><\/p>\n<p>Alle durch Cookies gesammelten Informationen werden gespeichert, bis die Cookies ablaufen, und werden nicht f\u00fcr andere Zwecke als die in dieser Richtlinie genannten verwendet.<\/p>\n<p>Unsere Website enth\u00e4lt Links zu den Websites anderer Personen, Unternehmen oder Organisationen. Bitte beachten Sie, dass saudingos.lt nicht f\u00fcr den Inhalt solcher Websites oder deren Datenschutzpraktiken verantwortlich ist. Wenn Sie auf einen Link von der Website saudingos.lt zu anderen Websites klicken, sollten Sie daher deren Datenschutzrichtlinien gesondert pr\u00fcfen.<\/p>\n<h3>Ihre Rechte<\/h3>\n<p>Sie haben das Recht, auf Ihre von uns mit Hilfe von Cookies verarbeiteten Daten zuzugreifen. Sie haben auch das Recht, die Berichtigung von unrichtigen, unvollst\u00e4ndigen oder ungenauen Daten zu verlangen.<\/p>\n<p>Wenn Sie Fragen haben oder Ihre Rechte aus\u00fcben m\u00f6chten, kontaktieren Sie uns bitte unter. per E-Mail an info@luckaus.lt oder auf einem anderen auf dieser Website angegebenen Weg.<\/p>\n","protected":false},"excerpt":{"rendered":"<p>Diese Datenschutz- und Cookie-Richtlinie (im Folgenden als &#8222;Richtlinie&#8220; bezeichnet) gilt in jedem Fall, wenn Sie die Website saudingos.lt besuchen. Diese Richtlinie gilt nicht, wenn Sie durch<span class=\"excerpt-hellip\"> [\u2026]<\/span><\/p>\n","protected":false},"author":2,"featured_media":0,"parent":2995,"menu_order":6,"comment_status":"closed","ping_status":"closed","template":"","meta":{"content-type":"","footnotes":""},"class_list":["post-3051","page","type-page","status-publish","hentry"],"yoast_head":"<!-- This site is optimized with the Yoast SEO plugin v27.3 - https:\/\/yoast.com\/product\/yoast-seo-wordpress\/ -->\n<title>Luckaus Transportas Cookie-Richtlinie | Saudingos<\/title>\n<meta name=\"description\" content=\"In der Cookie-Richtlinie von Luckaus Transportas erfahren Sie, wie wir Cookies verwenden, um Ihr Surferlebnis zu verbessern und die Funktionalit\u00e4t der Website zu gew\u00e4hrleisten.\" \/>\n<meta name=\"robots\" content=\"index, follow, max-snippet:-1, max-image-preview:large, max-video-preview:-1\" \/>\n<link rel=\"canonical\" href=\"https:\/\/www.saudingos.lt\/de\/richtlinien-zum-schutz-der-privatsphaere-und-des-datenschutzes\/uab-luckaus-transportas-cookie-richtlinie\/\" \/>\n<meta property=\"og:locale\" content=\"de_DE\" \/>\n<meta property=\"og:type\" content=\"article\" \/>\n<meta property=\"og:title\" content=\"Luckaus Transportas Cookie-Richtlinie | Saudingos\" \/>\n<meta property=\"og:description\" content=\"In der Cookie-Richtlinie von Luckaus Transportas erfahren Sie, wie wir Cookies verwenden, um Ihr Surferlebnis zu verbessern und die Funktionalit\u00e4t der Website zu gew\u00e4hrleisten.\" \/>\n<meta property=\"og:url\" content=\"https:\/\/www.saudingos.lt\/de\/richtlinien-zum-schutz-der-privatsphaere-und-des-datenschutzes\/uab-luckaus-transportas-cookie-richtlinie\/\" \/>\n<meta property=\"og:site_name\" content=\"Saudingos | Luckaus\" \/>\n<meta property=\"article:modified_time\" content=\"2025-03-05T09:38:34+00:00\" \/>\n<meta name=\"twitter:card\" content=\"summary_large_image\" \/>\n<meta name=\"twitter:label1\" content=\"Gesch\u00e4tzte Lesezeit\" \/>\n\t<meta name=\"twitter:data1\" content=\"5\u00a0Minuten\" \/>\n<script type=\"application\/ld+json\" class=\"yoast-schema-graph\">{\"@context\":\"https:\\\/\\\/schema.org\",\"@graph\":[{\"@type\":\"WebPage\",\"@id\":\"https:\\\/\\\/www.saudingos.lt\\\/de\\\/richtlinien-zum-schutz-der-privatsphaere-und-des-datenschutzes\\\/uab-luckaus-transportas-cookie-richtlinie\\\/\",\"url\":\"https:\\\/\\\/www.saudingos.lt\\\/de\\\/richtlinien-zum-schutz-der-privatsphaere-und-des-datenschutzes\\\/uab-luckaus-transportas-cookie-richtlinie\\\/\",\"name\":\"Luckaus Transportas Cookie-Richtlinie | Saudingos\",\"isPartOf\":{\"@id\":\"https:\\\/\\\/www.saudingos.lt\\\/de\\\/#website\"},\"datePublished\":\"2024-06-04T11:44:08+00:00\",\"dateModified\":\"2025-03-05T09:38:34+00:00\",\"description\":\"In der Cookie-Richtlinie von Luckaus Transportas erfahren Sie, wie wir Cookies verwenden, um Ihr Surferlebnis zu verbessern und die Funktionalit\u00e4t der Website zu gew\u00e4hrleisten.\",\"breadcrumb\":{\"@id\":\"https:\\\/\\\/www.saudingos.lt\\\/de\\\/richtlinien-zum-schutz-der-privatsphaere-und-des-datenschutzes\\\/uab-luckaus-transportas-cookie-richtlinie\\\/#breadcrumb\"},\"inLanguage\":\"de\",\"potentialAction\":[{\"@type\":\"ReadAction\",\"target\":[\"https:\\\/\\\/www.saudingos.lt\\\/de\\\/richtlinien-zum-schutz-der-privatsphaere-und-des-datenschutzes\\\/uab-luckaus-transportas-cookie-richtlinie\\\/\"]}]},{\"@type\":\"BreadcrumbList\",\"@id\":\"https:\\\/\\\/www.saudingos.lt\\\/de\\\/richtlinien-zum-schutz-der-privatsphaere-und-des-datenschutzes\\\/uab-luckaus-transportas-cookie-richtlinie\\\/#breadcrumb\",\"itemListElement\":[{\"@type\":\"ListItem\",\"position\":1,\"name\":\"Home\",\"item\":\"https:\\\/\\\/www.saudingos.lt\\\/de\\\/\"},{\"@type\":\"ListItem\",\"position\":2,\"name\":\"Richtlinien zum Schutz der Privatsph\u00e4re und des Datenschutzes\",\"item\":\"https:\\\/\\\/www.saudingos.lt\\\/de\\\/richtlinien-zum-schutz-der-privatsphaere-und-des-datenschutzes\\\/\"},{\"@type\":\"ListItem\",\"position\":3,\"name\":\"UAB &#8222;Luckaus transportas&#8221; Cookie-Richtlinie\"}]},{\"@type\":\"WebSite\",\"@id\":\"https:\\\/\\\/www.saudingos.lt\\\/de\\\/#website\",\"url\":\"https:\\\/\\\/www.saudingos.lt\\\/de\\\/\",\"name\":\"Saudingos | Luckaus\",\"description\":\"Zuverl\u00e4ssige Logistikpartner\",\"publisher\":{\"@id\":\"https:\\\/\\\/www.saudingos.lt\\\/de\\\/#organization\"},\"potentialAction\":[{\"@type\":\"SearchAction\",\"target\":{\"@type\":\"EntryPoint\",\"urlTemplate\":\"https:\\\/\\\/www.saudingos.lt\\\/de\\\/?s={search_term_string}\"},\"query-input\":{\"@type\":\"PropertyValueSpecification\",\"valueRequired\":true,\"valueName\":\"search_term_string\"}}],\"inLanguage\":\"de\"},{\"@type\":\"Organization\",\"@id\":\"https:\\\/\\\/www.saudingos.lt\\\/de\\\/#organization\",\"name\":\"Saudingos | Luckaus\",\"url\":\"https:\\\/\\\/www.saudingos.lt\\\/de\\\/\",\"logo\":{\"@type\":\"ImageObject\",\"inLanguage\":\"de\",\"@id\":\"https:\\\/\\\/www.saudingos.lt\\\/de\\\/#\\\/schema\\\/logo\\\/image\\\/\",\"url\":\"https:\\\/\\\/www.saudingos.lt\\\/wp-content\\\/uploads\\\/2024\\\/04\\\/saudingos-luckaus-03.svg\",\"contentUrl\":\"https:\\\/\\\/www.saudingos.lt\\\/wp-content\\\/uploads\\\/2024\\\/04\\\/saudingos-luckaus-03.svg\",\"width\":440,\"height\":45,\"caption\":\"Saudingos | Luckaus\"},\"image\":{\"@id\":\"https:\\\/\\\/www.saudingos.lt\\\/de\\\/#\\\/schema\\\/logo\\\/image\\\/\"}}]}<\/script>\n<!-- \/ Yoast SEO plugin. -->","yoast_head_json":{"title":"Luckaus Transportas Cookie-Richtlinie | Saudingos","description":"In der Cookie-Richtlinie von Luckaus Transportas erfahren Sie, wie wir Cookies verwenden, um Ihr Surferlebnis zu verbessern und die Funktionalit\u00e4t der Website zu gew\u00e4hrleisten.","robots":{"index":"index","follow":"follow","max-snippet":"max-snippet:-1","max-image-preview":"max-image-preview:large","max-video-preview":"max-video-preview:-1"},"canonical":"https:\/\/www.saudingos.lt\/de\/richtlinien-zum-schutz-der-privatsphaere-und-des-datenschutzes\/uab-luckaus-transportas-cookie-richtlinie\/","og_locale":"de_DE","og_type":"article","og_title":"Luckaus Transportas Cookie-Richtlinie | Saudingos","og_description":"In der Cookie-Richtlinie von Luckaus Transportas erfahren Sie, wie wir Cookies verwenden, um Ihr Surferlebnis zu verbessern und die Funktionalit\u00e4t der Website zu gew\u00e4hrleisten.","og_url":"https:\/\/www.saudingos.lt\/de\/richtlinien-zum-schutz-der-privatsphaere-und-des-datenschutzes\/uab-luckaus-transportas-cookie-richtlinie\/","og_site_name":"Saudingos | Luckaus","article_modified_time":"2025-03-05T09:38:34+00:00","twitter_card":"summary_large_image","twitter_misc":{"Gesch\u00e4tzte Lesezeit":"5\u00a0Minuten"},"schema":{"@context":"https:\/\/schema.org","@graph":[{"@type":"WebPage","@id":"https:\/\/www.saudingos.lt\/de\/richtlinien-zum-schutz-der-privatsphaere-und-des-datenschutzes\/uab-luckaus-transportas-cookie-richtlinie\/","url":"https:\/\/www.saudingos.lt\/de\/richtlinien-zum-schutz-der-privatsphaere-und-des-datenschutzes\/uab-luckaus-transportas-cookie-richtlinie\/","name":"Luckaus Transportas Cookie-Richtlinie | Saudingos","isPartOf":{"@id":"https:\/\/www.saudingos.lt\/de\/#website"},"datePublished":"2024-06-04T11:44:08+00:00","dateModified":"2025-03-05T09:38:34+00:00","description":"In der Cookie-Richtlinie von Luckaus Transportas erfahren Sie, wie wir Cookies verwenden, um Ihr Surferlebnis zu verbessern und die Funktionalit\u00e4t der Website zu gew\u00e4hrleisten.","breadcrumb":{"@id":"https:\/\/www.saudingos.lt\/de\/richtlinien-zum-schutz-der-privatsphaere-und-des-datenschutzes\/uab-luckaus-transportas-cookie-richtlinie\/#breadcrumb"},"inLanguage":"de","potentialAction":[{"@type":"ReadAction","target":["https:\/\/www.saudingos.lt\/de\/richtlinien-zum-schutz-der-privatsphaere-und-des-datenschutzes\/uab-luckaus-transportas-cookie-richtlinie\/"]}]},{"@type":"BreadcrumbList","@id":"https:\/\/www.saudingos.lt\/de\/richtlinien-zum-schutz-der-privatsphaere-und-des-datenschutzes\/uab-luckaus-transportas-cookie-richtlinie\/#breadcrumb","itemListElement":[{"@type":"ListItem","position":1,"name":"Home","item":"https:\/\/www.saudingos.lt\/de\/"},{"@type":"ListItem","position":2,"name":"Richtlinien zum Schutz der Privatsph\u00e4re und des Datenschutzes","item":"https:\/\/www.saudingos.lt\/de\/richtlinien-zum-schutz-der-privatsphaere-und-des-datenschutzes\/"},{"@type":"ListItem","position":3,"name":"UAB &#8222;Luckaus transportas&#8221; Cookie-Richtlinie"}]},{"@type":"WebSite","@id":"https:\/\/www.saudingos.lt\/de\/#website","url":"https:\/\/www.saudingos.lt\/de\/","name":"Saudingos | Luckaus","description":"Zuverl\u00e4ssige Logistikpartner","publisher":{"@id":"https:\/\/www.saudingos.lt\/de\/#organization"},"potentialAction":[{"@type":"SearchAction","target":{"@type":"EntryPoint","urlTemplate":"https:\/\/www.saudingos.lt\/de\/?s={search_term_string}"},"query-input":{"@type":"PropertyValueSpecification","valueRequired":true,"valueName":"search_term_string"}}],"inLanguage":"de"},{"@type":"Organization","@id":"https:\/\/www.saudingos.lt\/de\/#organization","name":"Saudingos | Luckaus","url":"https:\/\/www.saudingos.lt\/de\/","logo":{"@type":"ImageObject","inLanguage":"de","@id":"https:\/\/www.saudingos.lt\/de\/#\/schema\/logo\/image\/","url":"https:\/\/www.saudingos.lt\/wp-content\/uploads\/2024\/04\/saudingos-luckaus-03.svg","contentUrl":"https:\/\/www.saudingos.lt\/wp-content\/uploads\/2024\/04\/saudingos-luckaus-03.svg","width":440,"height":45,"caption":"Saudingos | Luckaus"},"image":{"@id":"https:\/\/www.saudingos.lt\/de\/#\/schema\/logo\/image\/"}}]}},"_links":{"self":[{"href":"https:\/\/www.saudingos.lt\/de\/wp-json\/wp\/v2\/pages\/3051","targetHints":{"allow":["GET"]}}],"collection":[{"href":"https:\/\/www.saudingos.lt\/de\/wp-json\/wp\/v2\/pages"}],"about":[{"href":"https:\/\/www.saudingos.lt\/de\/wp-json\/wp\/v2\/types\/page"}],"author":[{"embeddable":true,"href":"https:\/\/www.saudingos.lt\/de\/wp-json\/wp\/v2\/users\/2"}],"replies":[{"embeddable":true,"href":"https:\/\/www.saudingos.lt\/de\/wp-json\/wp\/v2\/comments?post=3051"}],"version-history":[{"count":0,"href":"https:\/\/www.saudingos.lt\/de\/wp-json\/wp\/v2\/pages\/3051\/revisions"}],"up":[{"embeddable":true,"href":"https:\/\/www.saudingos.lt\/de\/wp-json\/wp\/v2\/pages\/2995"}],"wp:attachment":[{"href":"https:\/\/www.saudingos.lt\/de\/wp-json\/wp\/v2\/media?parent=3051"}],"curies":[{"name":"wp","href":"https:\/\/api.w.org\/{rel}","templated":true}]}}