{"id":3056,"date":"2024-06-04T13:28:04","date_gmt":"2024-06-04T11:28:04","guid":{"rendered":"https:\/\/www.saudingos.lt\/richtlinien-zum-schutz-der-privatsphaere-und-des-datenschutzes\/uab-saudingos-autotransportas-cookie-richtlinie\/"},"modified":"2025-11-04T16:12:54","modified_gmt":"2025-11-04T14:12:54","slug":"uab-saudingos-autotransportas-cookie-richtlinie","status":"publish","type":"page","link":"https:\/\/www.saudingos.lt\/de\/richtlinien-zum-schutz-der-privatsphaere-und-des-datenschutzes\/uab-saudingos-autotransportas-cookie-richtlinie\/","title":{"rendered":"UAB &#8222;Saudingos autotransportas&#8220; Cookie-Richtlinie"},"content":{"rendered":"\t\t<div data-elementor-type=\"wp-page\" data-elementor-id=\"3056\" class=\"elementor elementor-3056 elementor-2058\">\n\t\t\t\t<div class=\"elementor-element elementor-element-7b847e90 e-flex e-con-boxed e-con e-parent\" data-id=\"7b847e90\" data-element_type=\"container\" data-e-type=\"container\">\n\t\t\t\t\t<div class=\"e-con-inner\">\n\t\t\t\t<div class=\"elementor-element elementor-element-6ac49aee elementor-widget elementor-widget-text-editor\" data-id=\"6ac49aee\" data-element_type=\"widget\" data-e-type=\"widget\" data-widget_type=\"text-editor.default\">\n\t\t\t\t<div class=\"elementor-widget-container\">\n\t\t\t\t\t\t\t\t\t<p>Diese Datenschutz- und Cookie-Richtlinie (im Folgenden als &#8222;Richtlinie&#8220; bezeichnet) gilt in jedem Fall, wenn Sie die Website saudingos.lt besuchen. Diese Richtlinie gilt nicht, wenn Sie durch den Zugriff auf die Website saudingos.lt die Websites anderer Unternehmen besuchen.<\/p><p>Wir sammeln die Daten unserer Website-Besucher in \u00dcbereinstimmung mit dem Gesetz \u00fcber den rechtlichen Schutz personenbezogener Daten der Republik Litauen, dem Gesetz \u00fcber elektronische Kommunikation der Republik Litauen, den Datenschutzgesetzen der Europ\u00e4ischen Union, anderen einschl\u00e4gigen Rechtsakten und Anweisungen der Kontrollbeh\u00f6rden.<\/p><h3>Datenerfassung<\/h3><p>Wir verwenden Cookies, um Daten \u00fcber die Nutzung der Website zu sammeln. Die Arten von Cookies und ihr Zweck sind in der nachstehenden Tabelle aufgef\u00fchrt.<\/p><p>Wir sch\u00fctzen die Daten, die wir \u00fcber die Besucher der Website saudingos.lt sammeln, verantwortungsvoll vor Verlust, unbefugter Nutzung und Ver\u00e4nderung. Die Mitarbeiter von saudingos.lt sind schriftlich verpflichtet, keine Informationen \u00fcber die Kunden des Unternehmens, einschlie\u00dflich der Besucher der Website saudingos.lt, die sie am Arbeitsplatz erhalten, an Dritte weiterzugeben oder zu verbreiten.<\/p><h3>Verwendung von Cookies<\/h3><p>Wenn Sie die Website saudingos.lt besuchen, m\u00f6chten wir Ihnen Informationen und Funktionen bieten, die genau auf Sie zugeschnitten sind. Dies erfordert die Verwendung von Cookies. Dies sind kleine Informationen, die in Ihrem Webbrowser gespeichert sind. Sie helfen uns, Sie als fr\u00fcheren Besucher der Website saudingos.lt zu erkennen, Ihren Besuchsverlauf zu speichern und den Inhalt entsprechend anzupassen. Cookies helfen auch dabei, den reibungslosen Betrieb der Website zu gew\u00e4hrleisten, die Dauer und H\u00e4ufigkeit der Besuche auf der Website saudingos.lt zu \u00fcberwachen und statistische Informationen \u00fcber die Anzahl der Besucher der Website zu sammeln. Durch die Analyse dieser Daten k\u00f6nnen wir die Website verbessern und sie f\u00fcr Sie benutzerfreundlicher gestalten. Wenn Sie die Website saudingos.lt besuchen, k\u00f6nnen Sie w\u00e4hlen, ob Sie Cookies verwenden m\u00f6chten. Wenn Sie mit der Platzierung von Cookies auf Ihrem Computer oder einem anderen Ger\u00e4t nicht einverstanden sind, k\u00f6nnen Sie Ihre Zustimmung jederzeit widerrufen, indem Sie Ihre Einstellungen \u00e4ndern und die platzierten Cookies l\u00f6schen.<\/p><h3>Informationen \u00fcber die von uns verwendeten Cookies<\/h3><h3>Cookie-Liste<\/h3><p>Auf dieser Seite finden Sie eine vollst\u00e4ndige Liste aller auf <strong>saudingos.lt<\/strong> verwendeten Cookies, unterteilt nach ihrem Zweck.<\/p><table style=\"width: 100%; border-collapse: collapse;\"><thead><tr style=\"background-color: #f2f2f2;\"><th style=\"padding: 8px; border: 1px solid #ddd;\">Cookie-Name<\/th><th style=\"padding: 8px; border: 1px solid #ddd;\">Anbieter \/ System<\/th><th style=\"padding: 8px; border: 1px solid #ddd;\">Zweck<\/th><th style=\"padding: 8px; border: 1px solid #ddd;\">Dauer<\/th><th style=\"padding: 8px; border: 1px solid #ddd;\">Kategorie<\/th><\/tr><\/thead><tbody><tr><td style=\"background-color: #fafafa; font-weight: bold; text-align: center;\" colspan=\"5\">NOTWENDIGE COOKIES<\/td><\/tr><tr><td>PHPSESSID<\/td><td>PHP \/ WordPress<\/td><td>Erh\u00e4lt den Sitzungsstatus zwischen den Seitenaufrufen.<\/td><td>Sitzung<\/td><td>Notwendig<\/td><\/tr><tr><td>wordpress_test_cookie<\/td><td>WordPress<\/td><td>\u00dcberpr\u00fcft, ob Cookies im Browser aktiviert sind.<\/td><td>Sitzung<\/td><td>Notwendig<\/td><\/tr><tr><td>_ams_session<\/td><td>Serversitzung<\/td><td>Speichert Sitzungsdaten des Benutzers.<\/td><td>Sitzung<\/td><td>Notwendig<\/td><\/tr><tr><td>wp_lang<\/td><td>WordPress<\/td><td>Legt die Sprache der Website fest.<\/td><td>Sitzung<\/td><td>Notwendig<\/td><\/tr><tr><td>wp-wpml_current_language<\/td><td>WPML<\/td><td>Speichert die ausgew\u00e4hlte Spracheinstellung.<\/td><td>Sitzung<\/td><td>Notwendig<\/td><\/tr><tr><td>wp-settings-2<\/td><td>WordPress<\/td><td>Speichert Anzeigeeinstellungen des Administrationsbereichs.<\/td><td>1 Jahr<\/td><td>Notwendig<\/td><\/tr><tr><td>wp-settings-time-2<\/td><td>WordPress<\/td><td>Speichert den Zeitstempel der Benutzereinstellungen.<\/td><td>1 Jahr<\/td><td>Notwendig<\/td><\/tr><tr><td>cmplz_banner-status<\/td><td>Complianz<\/td><td>Speichert den Status des Cookie-Banners (akzeptiert oder abgelehnt).<\/td><td>6 Monate<\/td><td>Notwendig<\/td><\/tr><tr><td>cmplz_policy_id<\/td><td>Complianz<\/td><td>Verkn\u00fcpft die verwendete Cookie-Richtlinie.<\/td><td>6 Monate<\/td><td>Notwendig<\/td><\/tr><tr><td>cmplz_consented_services<\/td><td>Complianz<\/td><td>Speichert, welchen Diensten der Benutzer zugestimmt hat.<\/td><td>6 Monate<\/td><td>Notwendig<\/td><\/tr><tr><td>wp_consent_functional \/ marketing \/ preferences \/ statistics \/ statistics-anonymous<\/td><td>WordPress GDPR-Module<\/td><td>Speichert die Zustimmung des Benutzers zu Cookie-Kategorien.<\/td><td>6 Monate<\/td><td>Notwendig<\/td><\/tr><tr><td style=\"background-color: #fafafa; font-weight: bold; text-align: center;\" colspan=\"5\">PR\u00c4FERENZ-COOKIES<\/td><\/tr><tr><td>cmplz_preferences<\/td><td>Complianz<\/td><td>Speichert die Benutzerpr\u00e4ferenzen f\u00fcr funktionale Cookies.<\/td><td>6 Monate<\/td><td>Pr\u00e4ferenzen<\/td><\/tr><tr><td style=\"background-color: #fafafa; font-weight: bold; text-align: center;\" colspan=\"5\">STATISTIK-COOKIES<\/td><\/tr><tr><td>__hstc<\/td><td>HubSpot<\/td><td>Haupt-Tracking-Cookie \u2013 identifiziert eindeutige Besucher.<\/td><td>6 Monate<\/td><td>Statistik<\/td><\/tr><tr><td>hubspotutk<\/td><td>HubSpot<\/td><td>Wird zur Verfolgung von Kontakten und Formular\u00fcbermittlungen verwendet.<\/td><td>6 Monate<\/td><td>Statistik<\/td><\/tr><tr><td>__hssc<\/td><td>HubSpot<\/td><td>Bestimmt, ob eine neue Sitzung gestartet werden soll.<\/td><td>30 Minuten<\/td><td>Statistik<\/td><\/tr><tr><td>__hssrc<\/td><td>HubSpot<\/td><td>Bestimmt, ob der Besucher die Seite neu geladen hat.<\/td><td>Sitzung<\/td><td>Statistik<\/td><\/tr><\/tbody><\/table><p><br \/>Um mehr \u00fcber Cookies zu erfahren, z.B. wie Sie sie verwalten oder l\u00f6schen k\u00f6nnen, besuchen Sie: <a href=\"http:\/\/www.allaboutcookies.org\/\" target=\"_blank\" rel=\"noopener\">http:\/\/www.allaboutcookies.org<\/a><\/p><p>Um herauszufinden, wie Sie Google Analytics-Cookies von Tracking-Webseiten l\u00f6schen k\u00f6nnen, besuchen Sie: <a href=\"http:\/\/tools.google.com\/dlpage\/gaoptout\" target=\"_blank\" rel=\"noopener\">http:\/\/tools.google.com\/dlpage\/gaoptout<\/a><\/p><h3>Arten von Cookies<\/h3><p>Bei den Cookies handelt es sich um Sitzungscookies und dauerhafte Cookies sowie um Cookies von Erst- oder Drittanbietern. Im Folgenden erkl\u00e4ren wir, was diese Begriffe bedeuten, damit Sie besser verstehen, wie wir Cookies verwenden und wof\u00fcr sie eingesetzt werden.<\/p><p><strong>Sitzungs-Cookies<\/strong><br \/>Sitzungscookies erm\u00f6glichen es, Sie w\u00e4hrend eines einzigen Besuchs auf unserer Website wiederzuerkennen, so dass alle \u00c4nderungen oder Auswahlen, die Sie auf einer Seite vornehmen, gespeichert werden, wenn Sie von einer Seite zur n\u00e4chsten wechseln. Diese Cookies erm\u00f6glichen es Ihnen, schnell und einfach durch viele Seiten der Website zu navigieren, so dass Sie die Informationen nicht jedes Mal neu verarbeiten m\u00fcssen, wenn Sie eine neue Website besuchen. Session-Cookies sind tempor\u00e4r und verschwinden, sobald Sie Ihren Browser schlie\u00dfen oder sich von der Website abmelden.<\/p><p><strong>Langfristige Cookies<\/strong><br \/>Dauerhafte Cookies sind Cookies, die nach dem Ende einer Browsersitzung f\u00fcr eine bestimmte Zeit auf Ihrem Computer verbleiben und daher bestimmte Benutzereinstellungen oder Aktionen aufzeichnen k\u00f6nnen, wenn die Website erneut besucht wird.<\/p><p><strong>Cookies der ersten Partei<\/strong><br \/>Diejenigen Cookies, die f\u00fcr das ordnungsgem\u00e4\u00dfe Funktionieren der Website saudingos.lt erforderlich sind.<\/p><p><strong>Cookies von Dritten<\/strong><br \/>Die Cookies, die von anderen Organisationen \u00fcber unsere Website verwendet werden. In unserem Fall verwendet die Website saudingos.lt Google Analytics-Cookies, um den Websiteverkehr zu analysieren. &#8222;Google Analytics sammelt anonym Informationen \u00fcber die Anzahl der Besucher, den Standort, von dem aus unsere Website genutzt wurde und welche Teile der Website von den Besuchern besucht wurden. Diese Cookies werden von Google Analytics erstellt. F\u00fcr weitere Informationen \u00fcber Google Analytics besuchen Sie bitte <a href=\"http:\/\/www.google.com\/analytics\" target=\"_blank\" rel=\"noopener\">http:\/\/www.google.com\/analytics.<\/a><\/p><p>Alle durch Cookies gesammelten Informationen werden gespeichert, bis die Cookies ablaufen, und werden nicht f\u00fcr andere Zwecke als die in dieser Richtlinie genannten verwendet.<\/p><p>Unsere Website enth\u00e4lt Links zu den Websites anderer Personen, Unternehmen oder Organisationen. Bitte beachten Sie, dass saudingos.lt nicht f\u00fcr den Inhalt solcher Websites oder deren Datenschutzpraktiken verantwortlich ist. Wenn Sie auf einen Link von der Website saudingos.lt zu anderen Websites klicken, sollten Sie daher deren Datenschutzrichtlinien gesondert pr\u00fcfen.<\/p><h3>Ihre Rechte<\/h3><p>Sie haben das Recht, auf Ihre von uns mit Hilfe von Cookies verarbeiteten Daten zuzugreifen. Sie haben auch das Recht, die Berichtigung von unrichtigen, unvollst\u00e4ndigen oder ungenauen Daten zu verlangen.<\/p><p>Wenn Sie Fragen haben oder Ihre Rechte aus\u00fcben m\u00f6chten, kontaktieren Sie uns bitte unter. per E-Mail an info@saudingos.lt oder auf einem anderen auf dieser Website angegebenen Weg.<\/p>\t\t\t\t\t\t\t\t<\/div>\n\t\t\t\t<\/div>\n\t\t\t\t\t<\/div>\n\t\t\t\t<\/div>\n\t\t\t\t<\/div>\n\t\t","protected":false},"excerpt":{"rendered":"<p>Diese Datenschutz- und Cookie-Richtlinie (im Folgenden als &#8222;Richtlinie&#8220; bezeichnet) gilt in jedem Fall, wenn Sie die Website saudingos.lt besuchen. Diese Richtlinie gilt nicht, wenn Sie durch<span class=\"excerpt-hellip\"> [\u2026]<\/span><\/p>\n","protected":false},"author":2,"featured_media":0,"parent":2995,"menu_order":3,"comment_status":"closed","ping_status":"closed","template":"","meta":{"content-type":"","footnotes":""},"class_list":["post-3056","page","type-page","status-publish","hentry"],"yoast_head":"<!-- This site is optimized with the Yoast SEO plugin v27.3 - https:\/\/yoast.com\/product\/yoast-seo-wordpress\/ -->\n<title>Cookie-Richtlinie | Saudingos<\/title>\n<meta name=\"description\" content=\"Lesen Sie die Cookie-Richtlinie von Saudingos, um zu erfahren, wie wir Cookies verwenden, um die Funktionalit\u00e4t und Benutzerfreundlichkeit der Website zu verbessern.\" \/>\n<meta name=\"robots\" content=\"index, follow, max-snippet:-1, max-image-preview:large, max-video-preview:-1\" \/>\n<link rel=\"canonical\" href=\"https:\/\/www.saudingos.lt\/de\/richtlinien-zum-schutz-der-privatsphaere-und-des-datenschutzes\/uab-saudingos-autotransportas-cookie-richtlinie\/\" \/>\n<meta property=\"og:locale\" content=\"de_DE\" \/>\n<meta property=\"og:type\" content=\"article\" \/>\n<meta property=\"og:title\" content=\"Cookie-Richtlinie | Saudingos\" \/>\n<meta property=\"og:description\" content=\"Lesen Sie die Cookie-Richtlinie von Saudingos, um zu erfahren, wie wir Cookies verwenden, um die Funktionalit\u00e4t und Benutzerfreundlichkeit der Website zu verbessern.\" \/>\n<meta property=\"og:url\" content=\"https:\/\/www.saudingos.lt\/de\/richtlinien-zum-schutz-der-privatsphaere-und-des-datenschutzes\/uab-saudingos-autotransportas-cookie-richtlinie\/\" \/>\n<meta property=\"og:site_name\" content=\"Saudingos | Luckaus\" \/>\n<meta property=\"article:modified_time\" content=\"2025-11-04T14:12:54+00:00\" \/>\n<meta name=\"twitter:card\" content=\"summary_large_image\" \/>\n<meta name=\"twitter:label1\" content=\"Gesch\u00e4tzte Lesezeit\" \/>\n\t<meta name=\"twitter:data1\" content=\"6\u00a0Minuten\" \/>\n<script type=\"application\/ld+json\" class=\"yoast-schema-graph\">{\"@context\":\"https:\\\/\\\/schema.org\",\"@graph\":[{\"@type\":\"WebPage\",\"@id\":\"https:\\\/\\\/www.saudingos.lt\\\/de\\\/richtlinien-zum-schutz-der-privatsphaere-und-des-datenschutzes\\\/uab-saudingos-autotransportas-cookie-richtlinie\\\/\",\"url\":\"https:\\\/\\\/www.saudingos.lt\\\/de\\\/richtlinien-zum-schutz-der-privatsphaere-und-des-datenschutzes\\\/uab-saudingos-autotransportas-cookie-richtlinie\\\/\",\"name\":\"Cookie-Richtlinie | Saudingos\",\"isPartOf\":{\"@id\":\"https:\\\/\\\/www.saudingos.lt\\\/de\\\/#website\"},\"datePublished\":\"2024-06-04T11:28:04+00:00\",\"dateModified\":\"2025-11-04T14:12:54+00:00\",\"description\":\"Lesen Sie die Cookie-Richtlinie von Saudingos, um zu erfahren, wie wir Cookies verwenden, um die Funktionalit\u00e4t und Benutzerfreundlichkeit der Website zu verbessern.\",\"breadcrumb\":{\"@id\":\"https:\\\/\\\/www.saudingos.lt\\\/de\\\/richtlinien-zum-schutz-der-privatsphaere-und-des-datenschutzes\\\/uab-saudingos-autotransportas-cookie-richtlinie\\\/#breadcrumb\"},\"inLanguage\":\"de\",\"potentialAction\":[{\"@type\":\"ReadAction\",\"target\":[\"https:\\\/\\\/www.saudingos.lt\\\/de\\\/richtlinien-zum-schutz-der-privatsphaere-und-des-datenschutzes\\\/uab-saudingos-autotransportas-cookie-richtlinie\\\/\"]}]},{\"@type\":\"BreadcrumbList\",\"@id\":\"https:\\\/\\\/www.saudingos.lt\\\/de\\\/richtlinien-zum-schutz-der-privatsphaere-und-des-datenschutzes\\\/uab-saudingos-autotransportas-cookie-richtlinie\\\/#breadcrumb\",\"itemListElement\":[{\"@type\":\"ListItem\",\"position\":1,\"name\":\"Home\",\"item\":\"https:\\\/\\\/www.saudingos.lt\\\/de\\\/\"},{\"@type\":\"ListItem\",\"position\":2,\"name\":\"Richtlinien zum Schutz der Privatsph\u00e4re und des Datenschutzes\",\"item\":\"https:\\\/\\\/www.saudingos.lt\\\/de\\\/richtlinien-zum-schutz-der-privatsphaere-und-des-datenschutzes\\\/\"},{\"@type\":\"ListItem\",\"position\":3,\"name\":\"UAB &#8222;Saudingos autotransportas&#8221; Cookie-Richtlinie\"}]},{\"@type\":\"WebSite\",\"@id\":\"https:\\\/\\\/www.saudingos.lt\\\/de\\\/#website\",\"url\":\"https:\\\/\\\/www.saudingos.lt\\\/de\\\/\",\"name\":\"Saudingos | Luckaus\",\"description\":\"Zuverl\u00e4ssige Logistikpartner\",\"publisher\":{\"@id\":\"https:\\\/\\\/www.saudingos.lt\\\/de\\\/#organization\"},\"potentialAction\":[{\"@type\":\"SearchAction\",\"target\":{\"@type\":\"EntryPoint\",\"urlTemplate\":\"https:\\\/\\\/www.saudingos.lt\\\/de\\\/?s={search_term_string}\"},\"query-input\":{\"@type\":\"PropertyValueSpecification\",\"valueRequired\":true,\"valueName\":\"search_term_string\"}}],\"inLanguage\":\"de\"},{\"@type\":\"Organization\",\"@id\":\"https:\\\/\\\/www.saudingos.lt\\\/de\\\/#organization\",\"name\":\"Saudingos | Luckaus\",\"url\":\"https:\\\/\\\/www.saudingos.lt\\\/de\\\/\",\"logo\":{\"@type\":\"ImageObject\",\"inLanguage\":\"de\",\"@id\":\"https:\\\/\\\/www.saudingos.lt\\\/de\\\/#\\\/schema\\\/logo\\\/image\\\/\",\"url\":\"https:\\\/\\\/www.saudingos.lt\\\/wp-content\\\/uploads\\\/2024\\\/04\\\/saudingos-luckaus-03.svg\",\"contentUrl\":\"https:\\\/\\\/www.saudingos.lt\\\/wp-content\\\/uploads\\\/2024\\\/04\\\/saudingos-luckaus-03.svg\",\"width\":440,\"height\":45,\"caption\":\"Saudingos | Luckaus\"},\"image\":{\"@id\":\"https:\\\/\\\/www.saudingos.lt\\\/de\\\/#\\\/schema\\\/logo\\\/image\\\/\"}}]}<\/script>\n<!-- \/ Yoast SEO plugin. -->","yoast_head_json":{"title":"Cookie-Richtlinie | Saudingos","description":"Lesen Sie die Cookie-Richtlinie von Saudingos, um zu erfahren, wie wir Cookies verwenden, um die Funktionalit\u00e4t und Benutzerfreundlichkeit der Website zu verbessern.","robots":{"index":"index","follow":"follow","max-snippet":"max-snippet:-1","max-image-preview":"max-image-preview:large","max-video-preview":"max-video-preview:-1"},"canonical":"https:\/\/www.saudingos.lt\/de\/richtlinien-zum-schutz-der-privatsphaere-und-des-datenschutzes\/uab-saudingos-autotransportas-cookie-richtlinie\/","og_locale":"de_DE","og_type":"article","og_title":"Cookie-Richtlinie | Saudingos","og_description":"Lesen Sie die Cookie-Richtlinie von Saudingos, um zu erfahren, wie wir Cookies verwenden, um die Funktionalit\u00e4t und Benutzerfreundlichkeit der Website zu verbessern.","og_url":"https:\/\/www.saudingos.lt\/de\/richtlinien-zum-schutz-der-privatsphaere-und-des-datenschutzes\/uab-saudingos-autotransportas-cookie-richtlinie\/","og_site_name":"Saudingos | Luckaus","article_modified_time":"2025-11-04T14:12:54+00:00","twitter_card":"summary_large_image","twitter_misc":{"Gesch\u00e4tzte Lesezeit":"6\u00a0Minuten"},"schema":{"@context":"https:\/\/schema.org","@graph":[{"@type":"WebPage","@id":"https:\/\/www.saudingos.lt\/de\/richtlinien-zum-schutz-der-privatsphaere-und-des-datenschutzes\/uab-saudingos-autotransportas-cookie-richtlinie\/","url":"https:\/\/www.saudingos.lt\/de\/richtlinien-zum-schutz-der-privatsphaere-und-des-datenschutzes\/uab-saudingos-autotransportas-cookie-richtlinie\/","name":"Cookie-Richtlinie | Saudingos","isPartOf":{"@id":"https:\/\/www.saudingos.lt\/de\/#website"},"datePublished":"2024-06-04T11:28:04+00:00","dateModified":"2025-11-04T14:12:54+00:00","description":"Lesen Sie die Cookie-Richtlinie von Saudingos, um zu erfahren, wie wir Cookies verwenden, um die Funktionalit\u00e4t und Benutzerfreundlichkeit der Website zu verbessern.","breadcrumb":{"@id":"https:\/\/www.saudingos.lt\/de\/richtlinien-zum-schutz-der-privatsphaere-und-des-datenschutzes\/uab-saudingos-autotransportas-cookie-richtlinie\/#breadcrumb"},"inLanguage":"de","potentialAction":[{"@type":"ReadAction","target":["https:\/\/www.saudingos.lt\/de\/richtlinien-zum-schutz-der-privatsphaere-und-des-datenschutzes\/uab-saudingos-autotransportas-cookie-richtlinie\/"]}]},{"@type":"BreadcrumbList","@id":"https:\/\/www.saudingos.lt\/de\/richtlinien-zum-schutz-der-privatsphaere-und-des-datenschutzes\/uab-saudingos-autotransportas-cookie-richtlinie\/#breadcrumb","itemListElement":[{"@type":"ListItem","position":1,"name":"Home","item":"https:\/\/www.saudingos.lt\/de\/"},{"@type":"ListItem","position":2,"name":"Richtlinien zum Schutz der Privatsph\u00e4re und des Datenschutzes","item":"https:\/\/www.saudingos.lt\/de\/richtlinien-zum-schutz-der-privatsphaere-und-des-datenschutzes\/"},{"@type":"ListItem","position":3,"name":"UAB &#8222;Saudingos autotransportas&#8221; Cookie-Richtlinie"}]},{"@type":"WebSite","@id":"https:\/\/www.saudingos.lt\/de\/#website","url":"https:\/\/www.saudingos.lt\/de\/","name":"Saudingos | Luckaus","description":"Zuverl\u00e4ssige Logistikpartner","publisher":{"@id":"https:\/\/www.saudingos.lt\/de\/#organization"},"potentialAction":[{"@type":"SearchAction","target":{"@type":"EntryPoint","urlTemplate":"https:\/\/www.saudingos.lt\/de\/?s={search_term_string}"},"query-input":{"@type":"PropertyValueSpecification","valueRequired":true,"valueName":"search_term_string"}}],"inLanguage":"de"},{"@type":"Organization","@id":"https:\/\/www.saudingos.lt\/de\/#organization","name":"Saudingos | Luckaus","url":"https:\/\/www.saudingos.lt\/de\/","logo":{"@type":"ImageObject","inLanguage":"de","@id":"https:\/\/www.saudingos.lt\/de\/#\/schema\/logo\/image\/","url":"https:\/\/www.saudingos.lt\/wp-content\/uploads\/2024\/04\/saudingos-luckaus-03.svg","contentUrl":"https:\/\/www.saudingos.lt\/wp-content\/uploads\/2024\/04\/saudingos-luckaus-03.svg","width":440,"height":45,"caption":"Saudingos | Luckaus"},"image":{"@id":"https:\/\/www.saudingos.lt\/de\/#\/schema\/logo\/image\/"}}]}},"_links":{"self":[{"href":"https:\/\/www.saudingos.lt\/de\/wp-json\/wp\/v2\/pages\/3056","targetHints":{"allow":["GET"]}}],"collection":[{"href":"https:\/\/www.saudingos.lt\/de\/wp-json\/wp\/v2\/pages"}],"about":[{"href":"https:\/\/www.saudingos.lt\/de\/wp-json\/wp\/v2\/types\/page"}],"author":[{"embeddable":true,"href":"https:\/\/www.saudingos.lt\/de\/wp-json\/wp\/v2\/users\/2"}],"replies":[{"embeddable":true,"href":"https:\/\/www.saudingos.lt\/de\/wp-json\/wp\/v2\/comments?post=3056"}],"version-history":[{"count":0,"href":"https:\/\/www.saudingos.lt\/de\/wp-json\/wp\/v2\/pages\/3056\/revisions"}],"up":[{"embeddable":true,"href":"https:\/\/www.saudingos.lt\/de\/wp-json\/wp\/v2\/pages\/2995"}],"wp:attachment":[{"href":"https:\/\/www.saudingos.lt\/de\/wp-json\/wp\/v2\/media?parent=3056"}],"curies":[{"name":"wp","href":"https:\/\/api.w.org\/{rel}","templated":true}]}}